{"id":61,"date":"2025-06-30T23:02:23","date_gmt":"2025-06-30T20:02:23","guid":{"rendered":"https:\/\/moneylinktv.com\/?page_id=61"},"modified":"2025-10-20T00:56:40","modified_gmt":"2025-10-19T21:56:40","slug":"ana-sayfa","status":"publish","type":"page","link":"https:\/\/moneylinktv.com\/","title":{"rendered":"Ana Sayfa"},"content":{"rendered":"\t\t<div data-elementor-type=\"wp-page\" data-elementor-id=\"61\" class=\"elementor elementor-61\" data-elementor-post-type=\"page\">\n\t\t\t\t\t\t<section class=\"elementor-section elementor-top-section elementor-element elementor-element-580dd9b0 elementor-section-boxed elementor-section-height-default elementor-section-height-default\" data-id=\"580dd9b0\" data-element_type=\"section\" data-settings=\"{&quot;background_background&quot;:&quot;classic&quot;}\">\n\t\t\t\t\t\t<div class=\"elementor-container elementor-column-gap-no\">\n\t\t\t\t\t<div class=\"elementor-column elementor-col-100 elementor-top-column elementor-element elementor-element-11b0f1f4\" data-id=\"11b0f1f4\" data-element_type=\"column\" data-settings=\"{&quot;background_background&quot;:&quot;classic&quot;}\">\n\t\t\t<div class=\"elementor-widget-wrap elementor-element-populated\">\n\t\t\t\t\t<div class=\"elementor-background-overlay\"><\/div>\n\t\t\t\t\t\t<section class=\"elementor-section elementor-inner-section elementor-element elementor-element-51317516 elementor-section-boxed elementor-section-height-default elementor-section-height-default\" data-id=\"51317516\" data-element_type=\"section\">\n\t\t\t\t\t\t<div class=\"elementor-container elementor-column-gap-no\">\n\t\t\t\t\t<div class=\"elementor-column elementor-col-50 elementor-inner-column elementor-element elementor-element-7265cb8f\" data-id=\"7265cb8f\" data-element_type=\"column\">\n\t\t\t<div class=\"elementor-widget-wrap elementor-element-populated\">\n\t\t\t\t\t\t<div class=\"elementor-element elementor-element-14acd650 elementor-widget elementor-widget-heading\" data-id=\"14acd650\" data-element_type=\"widget\" data-widget_type=\"heading.default\">\n\t\t\t\t<div class=\"elementor-widget-container\">\n\t\t\t\t\t<h2 class=\"elementor-heading-title elementor-size-default\">Moneylink TV\nFinansal Bilginin Ger\u00e7ek Adresi<\/h2>\t\t\t\t<\/div>\n\t\t\t\t<\/div>\n\t\t\t\t<div class=\"elementor-element elementor-element-765504b2 elementor-widget elementor-widget-text-editor\" data-id=\"765504b2\" data-element_type=\"widget\" data-widget_type=\"text-editor.default\">\n\t\t\t\t<div class=\"elementor-widget-container\">\n\t\t\t\t\t\t\t\t\t<p>Moneylink TV, finansal \u00f6zg\u00fcrl\u00fc\u011f\u00fc hedefleyen bireyler ve profesyoneller i\u00e7in kurulmu\u015f, tarafs\u0131z ve ger\u00e7ek zamanl\u0131 finansal i\u00e7erik sunan bir dijital yay\u0131n platformudur. Amac\u0131m\u0131z; finans d\u00fcnyas\u0131nda s\u00fcsl\u00fc kelimeler ya da imalardan uzak, do\u011frudan ve ger\u00e7ek bilgilere ula\u015fmak isteyen izleyicilere yol g\u00f6stermektir. T\u00fcrkiye\u2019de ve d\u00fcnyada ge\u00e7erli, uygulanabilir finansal stratejileri, profesyonellerin canl\u0131 i\u015flemleriyle birlikte sunuyor; izleyicilerimize sadece teoriyi de\u011fil, prati\u011fi de aktar\u0131yoruz. Portf\u00f6y Sava\u015flar\u0131 gibi \u00f6zg\u00fcn i\u00e7eriklerle finansal okuryazarl\u0131\u011f\u0131 artt\u0131rmay\u0131, bilgiye dayal\u0131 kararlar alan bireyler yeti\u015ftirmeyi hedefliyoruz. Burada \u201ctahmin\u201d de\u011fil, analiz konu\u015fur. \u201cVaat\u201d de\u011fil, deneyim g\u00f6sterilir.<\/p>\t\t\t\t\t\t\t\t<\/div>\n\t\t\t\t<\/div>\n\t\t\t\t<div class=\"elementor-element elementor-element-5c5e7faa elementor-widget__width-auto elementor-widget elementor-widget-text-editor\" data-id=\"5c5e7faa\" data-element_type=\"widget\" data-widget_type=\"text-editor.default\">\n\t\t\t\t<div class=\"elementor-widget-container\">\n\t\t\t\t\t\t\t\t\tCanl\u0131 \u0130zle\n<h4 class=\"elementor-heading-title elementor-size-default elementor-inline-editing pen\" contenteditable=\"true\" data-elementor-setting-key=\"title\" data-pen-placeholder=\"Buraya Yaz\u0131n...\">Haftai\u00e7i Her g\u00fcn 19:00\u200b<\/h4>\n<a style=\"text-decoration: none; display: block; margin-top: 10px;\" href=\"https:\/\/www.youtube.com\/@MoneylinkTV\/streams\" target=\"_blank\" rel=\"noopener\" aria-label=\"MoneylinkTV canl\u0131 yay\u0131na git\">\n<button style=\"all: unset; cursor: pointer; display: inline-flex; align-items: center; gap: 10px; justify-content: center; padding: 12px 26px; border-radius: 999px; background: linear-gradient(135deg,#ff416c,#ff4b2b); box-shadow: 0 6px 18px rgba(0,0,0,0.2); transition: all 0.2s ease-in-out; color: #fff; font-size: 17px; font-weight: 600;\" type=\"button\">\n\n\nCanl\u0131 Yay\u0131n\n<\/button>\n<\/a>\t\t\t\t\t\t\t\t<\/div>\n\t\t\t\t<\/div>\n\t\t\t\t\t<\/div>\n\t\t<\/div>\n\t\t\t\t<div class=\"elementor-column elementor-col-50 elementor-inner-column elementor-element elementor-element-7dde662a\" data-id=\"7dde662a\" data-element_type=\"column\">\n\t\t\t<div class=\"elementor-widget-wrap elementor-element-populated\">\n\t\t\t\t\t\t<div class=\"elementor-element elementor-element-cc2245d elementor-widget elementor-widget-video\" data-id=\"cc2245d\" data-element_type=\"widget\" data-settings=\"{&quot;youtube_url&quot;:&quot;https:\\\/\\\/www.youtube.com\\\/watch?v=AobEA91hWco&amp;feature=youtu.be&quot;,&quot;video_type&quot;:&quot;youtube&quot;,&quot;controls&quot;:&quot;yes&quot;}\" data-widget_type=\"video.default\">\n\t\t\t\t<div class=\"elementor-widget-container\">\n\t\t\t\t\t\t\t<div class=\"elementor-wrapper elementor-open-inline\">\n\t\t\t<div class=\"elementor-video\"><\/div>\t\t<\/div>\n\t\t\t\t\t\t<\/div>\n\t\t\t\t<\/div>\n\t\t\t\t\t<\/div>\n\t\t<\/div>\n\t\t\t\t\t<\/div>\n\t\t<\/section>\n\t\t\t\t<div class=\"elementor-element elementor-element-2d4285f elementor-widget elementor-widget-spacer\" data-id=\"2d4285f\" data-element_type=\"widget\" data-widget_type=\"spacer.default\">\n\t\t\t\t<div class=\"elementor-widget-container\">\n\t\t\t\t\t\t\t<div class=\"elementor-spacer\">\n\t\t\t<div class=\"elementor-spacer-inner\"><\/div>\n\t\t<\/div>\n\t\t\t\t\t\t<\/div>\n\t\t\t\t<\/div>\n\t\t\t\t\t<\/div>\n\t\t<\/div>\n\t\t\t\t\t<\/div>\n\t\t<\/section>\n\t\t\t\t<\/div>\n\t\t\n    <div class=\"xs_social_share_widget xs_share_url after_content \t\tmain_content  wslu-style-1 wslu-share-box-shaped wslu-fill-colored wslu-none wslu-share-horizontal wslu-theme-font-no wslu-main_content\">\n\n\t\t\n        <ul>\n\t\t\t        <\/ul>\n    <\/div> \n","protected":false},"excerpt":{"rendered":"<p>Moneylink TV Finansal Bilginin Ger\u00e7ek Adresi Moneylink TV, finansal \u00f6zg\u00fcrl\u00fc\u011f\u00fc hedefleyen bireyler ve profesyoneller i\u00e7in kurulmu\u015f, tarafs\u0131z ve ger\u00e7ek zamanl\u0131 finansal i\u00e7erik sunan bir dijital yay\u0131n platformudur. Amac\u0131m\u0131z; finans d\u00fcnyas\u0131nda s\u00fcsl\u00fc kelimeler ya da imalardan uzak, do\u011frudan ve ger\u00e7ek bilgilere ula\u015fmak isteyen izleyicilere yol g\u00f6stermektir. T\u00fcrkiye\u2019de ve d\u00fcnyada ge\u00e7erli, uygulanabilir finansal stratejileri, profesyonellerin canl\u0131 i\u015flemleriyle [&hellip;]<\/p>\n","protected":false},"author":1,"featured_media":0,"parent":0,"menu_order":0,"comment_status":"closed","ping_status":"closed","template":"elementor_header_footer","meta":{"postBodyCss":"","postBodyMargin":[],"postBodyPadding":[],"postBodyBackground":{"backgroundType":"classic","gradient":""},"footnotes":""},"class_list":["post-61","page","type-page","status-publish","hentry"],"_links":{"self":[{"href":"https:\/\/moneylinktv.com\/index.php\/wp-json\/wp\/v2\/pages\/61","targetHints":{"allow":["GET"]}}],"collection":[{"href":"https:\/\/moneylinktv.com\/index.php\/wp-json\/wp\/v2\/pages"}],"about":[{"href":"https:\/\/moneylinktv.com\/index.php\/wp-json\/wp\/v2\/types\/page"}],"author":[{"embeddable":true,"href":"https:\/\/moneylinktv.com\/index.php\/wp-json\/wp\/v2\/users\/1"}],"replies":[{"embeddable":true,"href":"https:\/\/moneylinktv.com\/index.php\/wp-json\/wp\/v2\/comments?post=61"}],"version-history":[{"count":111,"href":"https:\/\/moneylinktv.com\/index.php\/wp-json\/wp\/v2\/pages\/61\/revisions"}],"predecessor-version":[{"id":914,"href":"https:\/\/moneylinktv.com\/index.php\/wp-json\/wp\/v2\/pages\/61\/revisions\/914"}],"wp:attachment":[{"href":"https:\/\/moneylinktv.com\/index.php\/wp-json\/wp\/v2\/media?parent=61"}],"curies":[{"name":"wp","href":"https:\/\/api.w.org\/{rel}","templated":true}]}}