{"id":371,"date":"2025-08-03T01:54:11","date_gmt":"2025-08-02T22:54:11","guid":{"rendered":"https:\/\/moneylinktv.com\/?page_id=371"},"modified":"2025-08-20T00:30:34","modified_gmt":"2025-08-19T21:30:34","slug":"hakkimizda","status":"publish","type":"page","link":"https:\/\/moneylinktv.com\/index.php\/hakkimizda\/","title":{"rendered":"Hakk\u0131m\u0131zda"},"content":{"rendered":"\t\t<div data-elementor-type=\"wp-page\" data-elementor-id=\"371\" class=\"elementor elementor-371\" data-elementor-post-type=\"page\">\n\t\t\t\t<div class=\"elementor-element elementor-element-5961e3d e-flex e-con-boxed e-con e-parent\" data-id=\"5961e3d\" data-element_type=\"container\">\n\t\t\t\t\t<div class=\"e-con-inner\">\n\t\t\t\t<div class=\"elementor-element elementor-element-ec7a2af elementor-widget elementor-widget-spacer\" data-id=\"ec7a2af\" data-element_type=\"widget\" data-widget_type=\"spacer.default\">\n\t\t\t\t<div class=\"elementor-widget-container\">\n\t\t\t\t\t\t\t<div class=\"elementor-spacer\">\n\t\t\t<div class=\"elementor-spacer-inner\"><\/div>\n\t\t<\/div>\n\t\t\t\t\t\t<\/div>\n\t\t\t\t<\/div>\n\t\t\t\t\t<\/div>\n\t\t\t\t<\/div>\n\t\t\t\t<section class=\"elementor-section elementor-top-section elementor-element elementor-element-3dff06e2 elementor-section-boxed elementor-section-height-default elementor-section-height-default\" data-id=\"3dff06e2\" data-element_type=\"section\" data-settings=\"{&quot;background_background&quot;:&quot;classic&quot;}\">\n\t\t\t\t\t\t\t<div class=\"elementor-background-overlay\"><\/div>\n\t\t\t\t\t\t\t<div class=\"elementor-container elementor-column-gap-no\">\n\t\t\t\t\t<div class=\"elementor-column elementor-col-100 elementor-top-column elementor-element elementor-element-44b7f339\" data-id=\"44b7f339\" data-element_type=\"column\">\n\t\t\t<div class=\"elementor-widget-wrap elementor-element-populated\">\n\t\t\t\t\t\t<section class=\"elementor-section elementor-inner-section elementor-element elementor-element-6eb7633e elementor-section-boxed elementor-section-height-default elementor-section-height-default\" data-id=\"6eb7633e\" data-element_type=\"section\">\n\t\t\t\t\t\t<div class=\"elementor-container elementor-column-gap-default\">\n\t\t\t\t\t<div class=\"elementor-column elementor-col-100 elementor-inner-column elementor-element elementor-element-5f771767\" data-id=\"5f771767\" data-element_type=\"column\">\n\t\t\t<div class=\"elementor-widget-wrap elementor-element-populated\">\n\t\t\t\t\t\t<div class=\"elementor-element elementor-element-4da0392b elementor-widget elementor-widget-text-editor\" data-id=\"4da0392b\" data-element_type=\"widget\" data-widget_type=\"text-editor.default\">\n\t\t\t\t<div class=\"elementor-widget-container\">\n\t\t\t\t\t\t\t\t\t<p style=\"text-align: left;\">Para, yat\u0131r\u0131m ve piyasa d\u00fcnyas\u0131nda kaybolmak kolay. \u0130\u015fte tam da bu y\u00fczden Moneylink TV olarak, finans\u0131n karma\u015f\u0131k labirentinde size yol g\u00f6stermek i\u00e7in buraday\u0131z!<\/p><p style=\"text-align: left;\">\u201cPortf\u00f6y Sava\u015flar\u0131\u201d gibi \u00e7arp\u0131c\u0131 programlar\u0131m\u0131zla, hem deneyimli yat\u0131r\u0131mc\u0131lar\u0131n hem de finans d\u00fcnyas\u0131na ad\u0131m atanlar\u0131n nabz\u0131n\u0131 tutuyoruz. E\u011flenceli, \u00f6\u011fretici ve dinamik i\u00e7eriklerimizle finans\u0131 hayat\u0131n\u0131z\u0131n bir par\u00e7as\u0131 haline getirmeyi hedefliyoruz.<\/p><p style=\"text-align: left;\">Biz Moneylink TV\u2019de sadece rakamlar ve grafiklerle de\u011fil, ayn\u0131 zamanda sizin finansal hikayenizle ilgileniyoruz. Bilgiyi herkes i\u00e7in eri\u015filebilir, anla\u015f\u0131l\u0131r ve heyecan verici k\u0131l\u0131yoruz.<\/p><p style=\"text-align: left;\">Finansal gelece\u011finizi \u015fekillendirirken, g\u00fcvenilir rehberiniz olmaya haz\u0131r\u0131z. \u00c7\u00fcnk\u00fc do\u011fru bilgi, do\u011fru kararlara a\u00e7\u0131lan kap\u0131d\u0131r.<\/p><p style=\"text-align: left;\">Moneylink TV \u2013 Finans\u0131 birlikte ke\u015ffedelim!<\/p>\t\t\t\t\t\t\t\t<\/div>\n\t\t\t\t<\/div>\n\t\t\t\t\t<\/div>\n\t\t<\/div>\n\t\t\t\t\t<\/div>\n\t\t<\/section>\n\t\t\t\t\t<\/div>\n\t\t<\/div>\n\t\t\t\t\t<\/div>\n\t\t<\/section>\n\t\t\t\t<\/div>\n\t\t\n    <div class=\"xs_social_share_widget xs_share_url after_content \t\tmain_content  wslu-style-1 wslu-share-box-shaped wslu-fill-colored wslu-none wslu-share-horizontal wslu-theme-font-no wslu-main_content\">\n\n\t\t\n        <ul>\n\t\t\t        <\/ul>\n    <\/div> \n","protected":false},"excerpt":{"rendered":"<p>Para, yat\u0131r\u0131m ve piyasa d\u00fcnyas\u0131nda kaybolmak kolay. \u0130\u015fte tam da bu y\u00fczden Moneylink TV olarak, finans\u0131n karma\u015f\u0131k labirentinde size yol g\u00f6stermek i\u00e7in buraday\u0131z! \u201cPortf\u00f6y Sava\u015flar\u0131\u201d gibi \u00e7arp\u0131c\u0131 programlar\u0131m\u0131zla, hem deneyimli yat\u0131r\u0131mc\u0131lar\u0131n hem de finans d\u00fcnyas\u0131na ad\u0131m atanlar\u0131n nabz\u0131n\u0131 tutuyoruz. E\u011flenceli, \u00f6\u011fretici ve dinamik i\u00e7eriklerimizle finans\u0131 hayat\u0131n\u0131z\u0131n bir par\u00e7as\u0131 haline getirmeyi hedefliyoruz. Biz Moneylink TV\u2019de sadece [&hellip;]<\/p>\n","protected":false},"author":1,"featured_media":0,"parent":0,"menu_order":0,"comment_status":"closed","ping_status":"closed","template":"elementor_header_footer","meta":{"postBodyCss":"","postBodyMargin":[],"postBodyPadding":[],"postBodyBackground":{"backgroundType":"classic","gradient":""},"footnotes":""},"class_list":["post-371","page","type-page","status-publish","hentry"],"_links":{"self":[{"href":"https:\/\/moneylinktv.com\/index.php\/wp-json\/wp\/v2\/pages\/371","targetHints":{"allow":["GET"]}}],"collection":[{"href":"https:\/\/moneylinktv.com\/index.php\/wp-json\/wp\/v2\/pages"}],"about":[{"href":"https:\/\/moneylinktv.com\/index.php\/wp-json\/wp\/v2\/types\/page"}],"author":[{"embeddable":true,"href":"https:\/\/moneylinktv.com\/index.php\/wp-json\/wp\/v2\/users\/1"}],"replies":[{"embeddable":true,"href":"https:\/\/moneylinktv.com\/index.php\/wp-json\/wp\/v2\/comments?post=371"}],"version-history":[{"count":19,"href":"https:\/\/moneylinktv.com\/index.php\/wp-json\/wp\/v2\/pages\/371\/revisions"}],"predecessor-version":[{"id":743,"href":"https:\/\/moneylinktv.com\/index.php\/wp-json\/wp\/v2\/pages\/371\/revisions\/743"}],"wp:attachment":[{"href":"https:\/\/moneylinktv.com\/index.php\/wp-json\/wp\/v2\/media?parent=371"}],"curies":[{"name":"wp","href":"https:\/\/api.w.org\/{rel}","templated":true}]}}