{"id":190,"date":"2025-07-05T18:51:36","date_gmt":"2025-07-05T15:51:36","guid":{"rendered":"https:\/\/moneylinktv.com\/?page_id=190"},"modified":"2025-09-30T16:06:49","modified_gmt":"2025-09-30T13:06:49","slug":"canli-yayin","status":"publish","type":"page","link":"https:\/\/moneylinktv.com\/index.php\/canli-yayin\/","title":{"rendered":"Canl\u0131 Yay\u0131n"},"content":{"rendered":"\t\t<div data-elementor-type=\"wp-page\" data-elementor-id=\"190\" class=\"elementor elementor-190\" data-elementor-post-type=\"page\">\n\t\t\t\t\t\t<section class=\"elementor-section elementor-top-section elementor-element elementor-element-4e3a49cb elementor-section-boxed elementor-section-height-default elementor-section-height-default\" data-id=\"4e3a49cb\" data-element_type=\"section\" data-settings=\"{&quot;background_background&quot;:&quot;classic&quot;}\">\n\t\t\t\t\t\t<div class=\"elementor-container elementor-column-gap-no\">\n\t\t\t\t\t<div class=\"elementor-column elementor-col-100 elementor-top-column elementor-element elementor-element-4fad8dc\" data-id=\"4fad8dc\" data-element_type=\"column\" data-settings=\"{&quot;background_background&quot;:&quot;classic&quot;}\">\n\t\t\t<div class=\"elementor-widget-wrap elementor-element-populated\">\n\t\t\t\t\t<div class=\"elementor-background-overlay\"><\/div>\n\t\t\t\t\t\t<section class=\"elementor-section elementor-inner-section elementor-element elementor-element-8078e4c elementor-section-boxed elementor-section-height-default elementor-section-height-default\" data-id=\"8078e4c\" data-element_type=\"section\">\n\t\t\t\t\t\t<div class=\"elementor-container elementor-column-gap-no\">\n\t\t\t\t\t<div class=\"elementor-column elementor-col-50 elementor-inner-column elementor-element elementor-element-6c14654\" data-id=\"6c14654\" data-element_type=\"column\">\n\t\t\t<div class=\"elementor-widget-wrap elementor-element-populated\">\n\t\t\t\t\t\t<div class=\"elementor-element elementor-element-480fcf4 elementor-widget elementor-widget-heading\" data-id=\"480fcf4\" data-element_type=\"widget\" data-widget_type=\"heading.default\">\n\t\t\t\t<div class=\"elementor-widget-container\">\n\t\t\t\t\t<h2 class=\"elementor-heading-title elementor-size-default\">Portf\u00f6y Sava\u015flar\u0131<\/h2>\t\t\t\t<\/div>\n\t\t\t\t<\/div>\n\t\t\t\t<div class=\"elementor-element elementor-element-7fe796b elementor-widget elementor-widget-text-editor\" data-id=\"7fe796b\" data-element_type=\"widget\" data-widget_type=\"text-editor.default\">\n\t\t\t\t<div class=\"elementor-widget-container\">\n\t\t\t\t\t\t\t\t\t<p>Her hafta 3 yar\u0131\u015fmac\u0131, s\u0131n\u0131rl\u0131 zaman i\u00e7inde en ak\u0131ll\u0131 yat\u0131r\u0131m\u0131 yaparak portf\u00f6y\u00fcn\u00fc zirveye ta\u015f\u0131maya \u00e7al\u0131\u015f\u0131yor. Zaman dar, rekabet y\u00fcksek! Yat\u0131r\u0131m dan\u0131\u015fman\u0131, yap\u0131lan i\u015flemleri de\u011ferlendiriyor; sadece en do\u011fru strateji kazand\u0131r\u0131yor!<\/p>\t\t\t\t\t\t\t\t<\/div>\n\t\t\t\t<\/div>\n\t\t\t\t<div class=\"elementor-element elementor-element-1074fcf elementor-widget__width-auto elementor-widget elementor-widget-text-editor\" data-id=\"1074fcf\" data-element_type=\"widget\" data-widget_type=\"text-editor.default\">\n\t\t\t\t<div class=\"elementor-widget-container\">\n\t\t\t\t\t\t\t\t\t<a href=\"https:\/\/www.youtube.com\/@MoneylinkTV\/streams\" target=\"_blank\" rel=\"noopener\" aria-label=\"MoneylinkTV canl\u0131 yay\u0131na git\" style=\"text-decoration:none;display:block;margin-top:10px;\">\n  <button type=\"button\" \n    style=\"all:unset;cursor:pointer;display:inline-flex;align-items:center;gap:10px;justify-content:center;padding:12px 26px;border-radius:999px;background:linear-gradient(135deg,#ff416c,#ff4b2b);box-shadow:0 6px 18px rgba(0,0,0,0.2);transition:all 0.2s ease-in-out;color:#fff;font-size:17px;font-weight:600;\">\n    <svg viewBox=\"0 0 24 24\" fill=\"currentColor\" xmlns=\"http:\/\/www.w3.org\/2000\/svg\" \n      style=\"width:20px;height:20px;\">\n      <path d=\"M8 5v14l11-7z\" \/>\n    <\/svg>\n    Canl\u0131 Yay\u0131n\n  <\/button>\n<\/a>\n\t\t\t\t\t\t\t\t<\/div>\n\t\t\t\t<\/div>\n\t\t\t\t\t<\/div>\n\t\t<\/div>\n\t\t\t\t<div class=\"elementor-column elementor-col-50 elementor-inner-column elementor-element elementor-element-2cb8d97\" data-id=\"2cb8d97\" data-element_type=\"column\">\n\t\t\t<div class=\"elementor-widget-wrap\">\n\t\t\t\t\t\t\t<\/div>\n\t\t<\/div>\n\t\t\t\t\t<\/div>\n\t\t<\/section>\n\t\t\t\t\t<\/div>\n\t\t<\/div>\n\t\t\t\t\t<\/div>\n\t\t<\/section>\n\t\t\t\t<\/div>\n\t\t\n    <div class=\"xs_social_share_widget xs_share_url after_content \t\tmain_content  wslu-style-1 wslu-share-box-shaped wslu-fill-colored wslu-none wslu-share-horizontal wslu-theme-font-no wslu-main_content\">\n\n\t\t\n        <ul>\n\t\t\t        <\/ul>\n    <\/div> \n","protected":false},"excerpt":{"rendered":"<p>Portf\u00f6y Sava\u015flar\u0131 Her hafta 3 yar\u0131\u015fmac\u0131, s\u0131n\u0131rl\u0131 zaman i\u00e7inde en ak\u0131ll\u0131 yat\u0131r\u0131m\u0131 yaparak portf\u00f6y\u00fcn\u00fc zirveye ta\u015f\u0131maya \u00e7al\u0131\u015f\u0131yor. Zaman dar, rekabet y\u00fcksek! Yat\u0131r\u0131m dan\u0131\u015fman\u0131, yap\u0131lan i\u015flemleri de\u011ferlendiriyor; sadece en do\u011fru strateji kazand\u0131r\u0131yor! Canl\u0131 Yay\u0131n<\/p>\n","protected":false},"author":1,"featured_media":0,"parent":0,"menu_order":0,"comment_status":"closed","ping_status":"closed","template":"elementor_header_footer","meta":{"postBodyCss":"","postBodyMargin":[],"postBodyPadding":[],"postBodyBackground":{"backgroundType":"classic","gradient":""},"footnotes":""},"class_list":["post-190","page","type-page","status-publish","hentry"],"_links":{"self":[{"href":"https:\/\/moneylinktv.com\/index.php\/wp-json\/wp\/v2\/pages\/190","targetHints":{"allow":["GET"]}}],"collection":[{"href":"https:\/\/moneylinktv.com\/index.php\/wp-json\/wp\/v2\/pages"}],"about":[{"href":"https:\/\/moneylinktv.com\/index.php\/wp-json\/wp\/v2\/types\/page"}],"author":[{"embeddable":true,"href":"https:\/\/moneylinktv.com\/index.php\/wp-json\/wp\/v2\/users\/1"}],"replies":[{"embeddable":true,"href":"https:\/\/moneylinktv.com\/index.php\/wp-json\/wp\/v2\/comments?post=190"}],"version-history":[{"count":13,"href":"https:\/\/moneylinktv.com\/index.php\/wp-json\/wp\/v2\/pages\/190\/revisions"}],"predecessor-version":[{"id":893,"href":"https:\/\/moneylinktv.com\/index.php\/wp-json\/wp\/v2\/pages\/190\/revisions\/893"}],"wp:attachment":[{"href":"https:\/\/moneylinktv.com\/index.php\/wp-json\/wp\/v2\/media?parent=190"}],"curies":[{"name":"wp","href":"https:\/\/api.w.org\/{rel}","templated":true}]}}